{"id":14,"date":"2025-10-09T01:45:47","date_gmt":"2025-10-09T04:45:47","guid":{"rendered":"https:\/\/pablolocane.com\/notas\/?page_id=14"},"modified":"2025-12-26T16:16:07","modified_gmt":"2025-12-26T19:16:07","slug":"blog","status":"publish","type":"page","link":"https:\/\/pablolocane.com\/notas\/","title":{"rendered":"Notas"},"content":{"rendered":"\n<div class=\"wp-block-cover alignfull is-light has-contrast-color has-text-color has-link-color wp-elements-0216a06e20a1481b5b0ba3cabb51feba\" style=\"margin-top:0;margin-bottom:0;padding-top:var(--wp--preset--spacing--60);padding-right:var(--wp--preset--spacing--50);padding-bottom:var(--wp--preset--spacing--60);padding-left:var(--wp--preset--spacing--50);min-height:1284px;aspect-ratio:unset;\"><span aria-hidden=\"true\" class=\"wp-block-cover__background has-accent-5-background-color has-background-dim-100 has-background-dim\"><\/span><div class=\"wp-block-cover__inner-container has-global-padding is-layout-constrained wp-container-core-cover-is-layout-873ee6b1 wp-block-cover-is-layout-constrained\">\n<div class=\"wp-block-columns alignwide is-layout-flex wp-container-core-columns-is-layout-7ee84d44 wp-block-columns-is-layout-flex\">\n<div class=\"wp-block-column is-layout-flow wp-block-column-is-layout-flow\" style=\"flex-basis:65%\">\n<div class=\"wp-block-group is-vertical is-content-justification-stretch is-layout-flex wp-container-core-group-is-layout-353c4f5a wp-block-group-is-layout-flex\">\n<h2 class=\"wp-block-heading has-text-align-left\" style=\"font-size:clamp(3.763rem, 3.763rem + ((1vw - 0.2rem) * 6.489), 7.9rem);font-style:normal;font-weight:300;letter-spacing:-0.03em;line-height:1.4\">Bienvenido,<\/h2>\n\n\n\n<p class=\"is-style-text-subtitle is-style-text-subtitle--1\">en este espacio hay ideas, preguntas y reflexiones sobre m\u00fasica, comunicaci\u00f3n, sonido, locuci\u00f3n, branding, soundbranding. Tambi\u00e9n hay letras de canciones, poes\u00edas, cuentos y observaciones sobre paternidad. <\/p>\n<\/div>\n\n\n\n<hr class=\"wp-block-separator has-alpha-channel-opacity\"\/>\n\n\n\n<div class=\"wp-block-group is-nowrap is-layout-flex wp-container-core-group-is-layout-6c531013 wp-block-group-is-layout-flex\">\n<hr class=\"wp-block-separator has-alpha-channel-opacity\"\/>\n<\/div>\n<\/div>\n\n\n\n<div class=\"wp-block-column is-layout-flow wp-block-column-is-layout-flow\" style=\"flex-basis:35%\">\n<div class=\"wp-block-group is-vertical is-content-justification-stretch is-nowrap is-layout-flex wp-container-core-group-is-layout-73b0033c wp-block-group-is-layout-flex\">\n<figure class=\"wp-block-image size-full\"><img loading=\"lazy\" decoding=\"async\" width=\"1500\" height=\"2149\" src=\"https:\/\/pablolocane.com\/notas\/wp-content\/uploads\/sites\/3\/2025\/10\/Screen-Shot-2025-08-13-at-18.22.08.png\" alt=\"\" class=\"wp-image-2941\" style=\"aspect-ratio:3\/4;object-fit:cover\" srcset=\"https:\/\/pablolocane.com\/notas\/wp-content\/uploads\/sites\/3\/2025\/10\/Screen-Shot-2025-08-13-at-18.22.08.png 1500w, https:\/\/pablolocane.com\/notas\/wp-content\/uploads\/sites\/3\/2025\/10\/Screen-Shot-2025-08-13-at-18.22.08-209x300.png 209w, https:\/\/pablolocane.com\/notas\/wp-content\/uploads\/sites\/3\/2025\/10\/Screen-Shot-2025-08-13-at-18.22.08-715x1024.png 715w, https:\/\/pablolocane.com\/notas\/wp-content\/uploads\/sites\/3\/2025\/10\/Screen-Shot-2025-08-13-at-18.22.08-768x1100.png 768w, https:\/\/pablolocane.com\/notas\/wp-content\/uploads\/sites\/3\/2025\/10\/Screen-Shot-2025-08-13-at-18.22.08-1072x1536.png 1072w, https:\/\/pablolocane.com\/notas\/wp-content\/uploads\/sites\/3\/2025\/10\/Screen-Shot-2025-08-13-at-18.22.08-1430x2048.png 1430w\" sizes=\"auto, (max-width: 1500px) 100vw, 1500px\" \/><\/figure>\n<\/div>\n<\/div>\n<\/div>\n\n\n<p class=\"alignright wp-block-tag-cloud\"><a href=\"https:\/\/pablolocane.com\/notas\/tag\/iinfantil\/\" class=\"tag-cloud-link tag-link-12 tag-link-position-1\" style=\"font-size: 22pt;\" aria-label=\"Infantil (3 elementos)\">Infantil<\/a>\n<a href=\"https:\/\/pablolocane.com\/notas\/tag\/naming\/\" class=\"tag-cloud-link tag-link-17 tag-link-position-2\" style=\"font-size: 8pt;\" aria-label=\"Naming (1 elemento)\">Naming<\/a>\n<a href=\"https:\/\/pablolocane.com\/notas\/tag\/zucundum\/\" class=\"tag-cloud-link tag-link-13 tag-link-position-3\" style=\"font-size: 22pt;\" aria-label=\"Zucund\u00fam (3 elementos)\">Zucund\u00fam<\/a><\/p>\n\n\n<h1 class=\"wp-block-heading alignwide\">Recientes<\/h1>\n\n\n<p class=\"alignright wp-block-tag-cloud\"><a href=\"https:\/\/pablolocane.com\/notas\/category\/letras\/\" class=\"tag-cloud-link tag-link-7 tag-link-position-1\" style=\"font-size: 22pt;\" aria-label=\"Letras (2 elementos)\">Letras<\/a>\n<a href=\"https:\/\/pablolocane.com\/notas\/category\/musica\/\" class=\"tag-cloud-link tag-link-22 tag-link-position-2\" style=\"font-size: 22pt;\" aria-label=\"M\u00fasica (2 elementos)\">M\u00fasica<\/a>\n<a href=\"https:\/\/pablolocane.com\/notas\/category\/poesia\/\" class=\"tag-cloud-link tag-link-8 tag-link-position-3\" style=\"font-size: 8pt;\" aria-label=\"Poes\u00eda (1 elemento)\">Poes\u00eda<\/a>\n<a href=\"https:\/\/pablolocane.com\/notas\/category\/produccion-musical\/\" class=\"tag-cloud-link tag-link-10 tag-link-position-4\" style=\"font-size: 8pt;\" aria-label=\"Producci\u00f3n musical (1 elemento)\">Producci\u00f3n musical<\/a>\n<a href=\"https:\/\/pablolocane.com\/notas\/category\/sin-categoria\/\" class=\"tag-cloud-link tag-link-1 tag-link-position-5\" style=\"font-size: 8pt;\" aria-label=\"Sin categor\u00eda (1 elemento)\">Sin categor\u00eda<\/a>\n<a href=\"https:\/\/pablolocane.com\/notas\/category\/sound-branding\/\" class=\"tag-cloud-link tag-link-18 tag-link-position-6\" style=\"font-size: 8pt;\" aria-label=\"Sound branding (1 elemento)\">Sound branding<\/a><\/p>\n\n<ul class=\"wp-block-latest-posts__list alignleft wp-block-latest-posts\"><li><a class=\"wp-block-latest-posts__post-title\" href=\"https:\/\/pablolocane.com\/notas\/2025\/12\/26\/sonar\/\">So\u00f1ar<\/a><\/li>\n<li><a class=\"wp-block-latest-posts__post-title\" href=\"https:\/\/pablolocane.com\/notas\/2025\/10\/11\/nuevo-lanzamiento\/\">Un \u00e1rbol en tu ventana<\/a><\/li>\n<li><a class=\"wp-block-latest-posts__post-title\" href=\"https:\/\/pablolocane.com\/notas\/2025\/10\/09\/historias-de-algodon\/\">Historias de algod\u00f3n<\/a><\/li>\n<li><a class=\"wp-block-latest-posts__post-title\" href=\"https:\/\/pablolocane.com\/notas\/2025\/09\/24\/mousike-en-busca-de-una-identidad-sonora\/\">MOUSIK\u0112: en busca de una identidad sonora<\/a><\/li>\n<\/ul>\n\n\n<figure class=\"wp-block-embed alignleft is-type-wp-embed is-provider-notas wp-block-embed-notas\"><div class=\"wp-block-embed__wrapper\">\n<blockquote class=\"wp-embedded-content\" data-secret=\"GVeU1DIaFt\"><a href=\"https:\/\/pablolocane.com\/notas\/2025\/12\/26\/sonar\/\">So\u00f1ar<\/a><\/blockquote><iframe loading=\"lazy\" class=\"wp-embedded-content\" sandbox=\"allow-scripts\" security=\"restricted\" style=\"position: absolute; visibility: hidden;\" title=\"&#8220;So\u00f1ar&#8221; &#8212; Notas\" src=\"https:\/\/pablolocane.com\/notas\/2025\/12\/26\/sonar\/embed\/#?secret=mf7jteYTZ8#?secret=GVeU1DIaFt\" data-secret=\"GVeU1DIaFt\" width=\"500\" height=\"282\" frameborder=\"0\" marginwidth=\"0\" marginheight=\"0\" scrolling=\"no\"><\/iframe>\n<\/div><\/figure>\n\n\n\n<figure class=\"wp-block-embed alignleft is-type-wp-embed is-provider-notas wp-block-embed-notas\"><div class=\"wp-block-embed__wrapper\">\n<blockquote class=\"wp-embedded-content\" data-secret=\"C95g11UXXK\"><a href=\"https:\/\/pablolocane.com\/notas\/2025\/10\/09\/historias-de-algodon\/\">Historias de algod\u00f3n<\/a><\/blockquote><iframe loading=\"lazy\" class=\"wp-embedded-content\" sandbox=\"allow-scripts\" security=\"restricted\" style=\"position: absolute; visibility: hidden;\" title=\"&#8220;Historias de algod\u00f3n&#8221; &#8212; Notas\" src=\"https:\/\/pablolocane.com\/notas\/2025\/10\/09\/historias-de-algodon\/embed\/#?secret=isoUyigOwM#?secret=C95g11UXXK\" data-secret=\"C95g11UXXK\" width=\"500\" height=\"282\" frameborder=\"0\" marginwidth=\"0\" marginheight=\"0\" scrolling=\"no\"><\/iframe>\n<\/div><\/figure>\n<\/div><\/div>\n\n\n<form role=\"search\" method=\"get\" action=\"https:\/\/pablolocane.com\/notas\/\" style=\"margin-right:0;margin-left:0;\" class=\"wp-block-search__button-only wp-block-search__searchfield-hidden wp-block-search__icon-button aligncenter wp-block-search\" \n\t\t data-wp-interactive=\"core\/search\"\n\t\t data-wp-context='{\"isSearchInputVisible\":false,\"inputId\":\"wp-block-search__input-2\",\"ariaLabelExpanded\":\"Enviar b\\u00fasqueda\",\"ariaLabelCollapsed\":\"Ampliar el campo de b\\u00fasqueda\"}'\n\t\t data-wp-class--wp-block-search__searchfield-hidden=\"!context.isSearchInputVisible\"\n\t\t data-wp-on--keydown=\"actions.handleSearchKeydown\"\n\t\t data-wp-on--focusout=\"actions.handleSearchFocusout\"\n\t\t><label class=\"wp-block-search__label\" for=\"wp-block-search__input-2\"  style=\"font-size: clamp(0.875rem, 0.875rem + ((1vw - 0.2rem) * 0.039), 0.9rem)\">Buscar<\/label><div class=\"wp-block-search__inside-wrapper\"  style=\"width: 50%\"><input aria-hidden=\"true\" class=\"wp-block-search__input\" data-wp-bind--aria-hidden=\"!context.isSearchInputVisible\" data-wp-bind--tabindex=\"state.tabindex\" id=\"wp-block-search__input-2\" placeholder=\"buscar\"  value=\"\" type=\"search\" name=\"s\" required  style=\"border-width: 0px;border-style: none;font-size: clamp(0.875rem, 0.875rem + ((1vw - 0.2rem) * 0.039), 0.9rem)\"\/><button  aria-expanded=\"false\"  class=\"wp-block-search__button has-icon wp-element-button\" data-wp-bind--aria-controls=\"state.ariaControls\" data-wp-bind--aria-expanded=\"context.isSearchInputVisible\" data-wp-bind--aria-label=\"state.ariaLabel\" data-wp-bind--type=\"state.type\" data-wp-on--click=\"actions.openSearchInput\"   style=\"border-width: 0px;border-style: none;font-size: clamp(0.875rem, 0.875rem + ((1vw - 0.2rem) * 0.039), 0.9rem)\"><svg class=\"search-icon\" viewBox=\"0 0 24 24\" width=\"24\" height=\"24\">\n\t\t\t\t\t<path d=\"M13 5c-3.3 0-6 2.7-6 6 0 1.4.5 2.7 1.3 3.7l-3.8 3.8 1.1 1.1 3.8-3.8c1 .8 2.3 1.3 3.7 1.3 3.3 0 6-2.7 6-6S16.3 5 13 5zm0 10.5c-2.5 0-4.5-2-4.5-4.5s2-4.5 4.5-4.5 4.5 2 4.5 4.5-2 4.5-4.5 4.5z\"><\/path>\n\t\t\t\t<\/svg><\/button><\/div><\/form>\n\n<h2 style=\"font-size:clamp(4.509rem, 4.509rem + ((1vw - 0.2rem) * 8.613), 10rem);font-style:normal;font-weight:400;line-height:0.7;text-transform:capitalize;\" class=\"has-text-align-center has-link-color wp-elements-48d7587da91693d4a0baab02c5e6b072 wp-block-site-title has-text-color has-base-color\">Notas<\/h2>\n\n<nav style=\"font-size:clamp(1.198rem, 1.198rem + ((1vw - 0.2rem) * 1.101), 1.9rem);font-style:normal;font-weight:300;line-height:3.8;text-transform:none;\" class=\"has-text-color has-base-color items-justified-center wp-block-navigation wp-container-content-9cfa9a5a is-content-justification-center is-layout-flex wp-container-core-navigation-is-layout-b1d2533c wp-block-navigation-is-layout-flex\" aria-label=\"Social media Social media\"><ul style=\"font-size:clamp(1.198rem, 1.198rem + ((1vw - 0.2rem) * 1.101), 1.9rem);font-style:normal;font-weight:300;line-height:3.8;text-transform:none;\" class=\"wp-block-navigation__container has-text-color has-base-color items-justified-center wp-block-navigation\" aria-label=\"Social media\"><li style=\"font-size: clamp(1.198rem, 1.198rem + ((1vw - 0.2rem) * 1.101), 1.9rem);\" class=\" wp-block-navigation-item wp-block-navigation-link\"><a class=\"wp-block-navigation-item__content\"  href=\"http:\/\/pablolocane.com\"><span class=\"wp-block-navigation-item__label\">Pablolocane.com<\/span><\/a><\/li><li style=\"font-size: clamp(1.198rem, 1.198rem + ((1vw - 0.2rem) * 1.101), 1.9rem);\" class=\" wp-block-navigation-item wp-block-navigation-link\"><a class=\"wp-block-navigation-item__content\"  href=\"https:\/\/pablolocane.com\/pablo-locane\/locucion\/\"><span class=\"wp-block-navigation-item__label\">Locuci\u00f3n<\/span><\/a><\/li><li style=\"font-size: clamp(1.198rem, 1.198rem + ((1vw - 0.2rem) * 1.101), 1.9rem);\" class=\" wp-block-navigation-item wp-block-navigation-link\"><a class=\"wp-block-navigation-item__content\"  href=\"https:\/\/pablolocane.com\/pablo-locane\/musica\/\"><span class=\"wp-block-navigation-item__label\">M\u00fasica<\/span><\/a><\/li><li style=\"font-size: clamp(1.198rem, 1.198rem + ((1vw - 0.2rem) * 1.101), 1.9rem);\" class=\" wp-block-navigation-item wp-block-navigation-link\"><a class=\"wp-block-navigation-item__content\"  href=\"https:\/\/pablolocane.com\/pablo-locane\/sound-branding\/\"><span class=\"wp-block-navigation-item__label\">Sound-branding<\/span><\/a><\/li><li style=\"font-size: clamp(1.198rem, 1.198rem + ((1vw - 0.2rem) * 1.101), 1.9rem);\" class=\" wp-block-navigation-item wp-block-navigation-link\"><a class=\"wp-block-navigation-item__content\"  href=\"https:\/\/pablolocane.com\/elementor-1301\/\"><span class=\"wp-block-navigation-item__label\">Contacto<\/span><\/a><\/li><\/ul><\/nav>\n\n\n<div class=\"wp-block-columns is-layout-flex wp-container-core-columns-is-layout-28f84493 wp-block-columns-is-layout-flex\">\n<div class=\"wp-block-column is-layout-flow wp-block-column-is-layout-flow\" style=\"flex-basis:100%\">\n<div class=\"wp-block-group has-global-padding is-layout-constrained wp-container-core-group-is-layout-c06d165c wp-block-group-is-layout-constrained\" style=\"padding-top:0;padding-right:0;padding-bottom:0;padding-left:0\"><\/div>\n<\/div>\n<\/div>\n\n\n\n<p><\/p>\n","protected":false},"excerpt":{"rendered":"","protected":false},"author":1,"featured_media":0,"parent":0,"menu_order":0,"comment_status":"closed","ping_status":"closed","template":"","meta":{"footnotes":""},"class_list":["post-14","page","type-page","status-publish","hentry"],"_links":{"self":[{"href":"https:\/\/pablolocane.com\/notas\/wp-json\/wp\/v2\/pages\/14","targetHints":{"allow":["GET"]}}],"collection":[{"href":"https:\/\/pablolocane.com\/notas\/wp-json\/wp\/v2\/pages"}],"about":[{"href":"https:\/\/pablolocane.com\/notas\/wp-json\/wp\/v2\/types\/page"}],"author":[{"embeddable":true,"href":"https:\/\/pablolocane.com\/notas\/wp-json\/wp\/v2\/users\/1"}],"replies":[{"embeddable":true,"href":"https:\/\/pablolocane.com\/notas\/wp-json\/wp\/v2\/comments?post=14"}],"version-history":[{"count":31,"href":"https:\/\/pablolocane.com\/notas\/wp-json\/wp\/v2\/pages\/14\/revisions"}],"predecessor-version":[{"id":3004,"href":"https:\/\/pablolocane.com\/notas\/wp-json\/wp\/v2\/pages\/14\/revisions\/3004"}],"wp:attachment":[{"href":"https:\/\/pablolocane.com\/notas\/wp-json\/wp\/v2\/media?parent=14"}],"curies":[{"name":"wp","href":"https:\/\/api.w.org\/{rel}","templated":true}]}}